{"id":87,"date":"2025-06-03T12:31:06","date_gmt":"2025-06-03T12:31:06","guid":{"rendered":"https:\/\/chirurgiens-afrique.org\/?page_id=87"},"modified":"2025-06-04T11:41:00","modified_gmt":"2025-06-04T11:41:00","slug":"contact","status":"publish","type":"page","link":"https:\/\/chirurgiens-afrique.org\/?page_id=87","title":{"rendered":"Bureau ex\u00e9cutif"},"content":{"rendered":"<p><strong>Bureau Ex\u00e9cutif<\/strong><\/p>\n<ul>\n<li>Pr\u00e9sident\u00a0: Adama SANOU, <a href=\"mailto:sanoua14@yahoo.fr\">sanoua14@yahoo.fr<\/a><\/li>\n<li>Vice-Pr\u00e9sident\u00a0: Landry DROGBA, <a href=\"mailto:landrydrogba@gmail.com\">landrydrogba@gmail.com<\/a><\/li>\n<li>Secr\u00e9taire G\u00e9n\u00e9ral\u00a0: Adama SAIDOU, <a href=\"mailto:saidou.ade26@gmail.com\">ade26@gmail.com<\/a><\/li>\n<li>Secr\u00e9taire g\u00e9n\u00e9ral adjoint\u00a0: Jacques TENDENG,<a href=\"mailto:Jacquesnoel.tendeng@ugb.edu.sn\">tendeng@ugb.edu.sn<\/a><\/li>\n<li>Tr\u00e9sorier\u00a0: Babou BA\u00a0: <a href=\"mailto:babouba20022000@yahoo.fr\">babouba20022000@yahoo.fr<\/a><\/li>\n<li>Tr\u00e9sorier Adjoint\u00a0: Bernadin KOUAKOU, <a href=\"mailto:Kbernadin7@gmail.com\">Kbernadin7@gmail.com<\/a><\/li>\n<li>Commissaire au compte 1\u00a0: Sitienehin YEO, <a href=\"mailto:sit.yeo@gmail.com\">yeo@gmail.com<\/a><\/li>\n<li>Commissaire au compte 2\u00a0: Loukou Blaise YAO, <a href=\"mailto:loukou09@gmail.com\">loukou09@gmail.com<\/a><\/li>\n<\/ul>\n<p>&nbsp;<\/p>\n<p><img fetchpriority=\"high\" decoding=\"async\" class=\"size-medium wp-image-48 aligncenter\" src=\"https:\/\/chirurgiens-afrique.org\/wp-content\/uploads\/2025\/05\/PHOTO-2025-05-21-13-38-14-1-300x228.jpg\" alt=\"\" width=\"300\" height=\"228\" \/><\/p>\n","protected":false},"excerpt":{"rendered":"<p>Bureau Ex\u00e9cutif Pr\u00e9sident\u00a0: Adama SANOU, sanoua14@yahoo.fr Vice-Pr\u00e9sident\u00a0: Landry DROGBA, landrydrogba@gmail.com Secr\u00e9taire G\u00e9n\u00e9ral\u00a0: Adama SAIDOU, ade26@gmail.com Secr\u00e9taire g\u00e9n\u00e9ral adjoint\u00a0: Jacques TENDENG,tendeng@ugb.edu.sn Tr\u00e9sorier\u00a0: Babou BA\u00a0: babouba20022000@yahoo.fr Tr\u00e9sorier Adjoint\u00a0: Bernadin KOUAKOU, Kbernadin7@gmail.com Commissaire au compte 1\u00a0: Sitienehin YEO, yeo@gmail.com Commissaire au compte 2\u00a0: Loukou Blaise YAO, loukou09@gmail.com &nbsp;<\/p>\n","protected":false},"author":2,"featured_media":0,"parent":0,"menu_order":0,"comment_status":"closed","ping_status":"closed","template":"","meta":{"give_campaign_id":0,"tpgb_global_settings":"","footnotes":""},"class_list":["post-87","page","type-page","status-publish","hentry"],"campaignId":"","tpgb_featured_images":null,"tpgb_post_meta_info":{"get_date":"3 juin 2025","get_modified_date":"4 juin 2025","author_name":"Jeremie OUEDRAOGO","author_url":"https:\/\/chirurgiens-afrique.org\/?author=2","author_email":"ouedjerem@gmail.com","author_website":"","author_description":"","author_facebook":"","author_twitter":"","author_instagram":"","author_role":["administrator"],"author_firstname":"Jeremie","author_lastname":"OUEDRAOGO","user_login":"jeremie","author_avatar":"<img alt='' src='https:\/\/secure.gravatar.com\/avatar\/ad23eb6da50b7963c192c0d0d2101af8c163fbe4aa3c294a2b841aadb9be21a9?s=200&#038;d=mm&#038;r=g' srcset='https:\/\/secure.gravatar.com\/avatar\/ad23eb6da50b7963c192c0d0d2101af8c163fbe4aa3c294a2b841aadb9be21a9?s=400&#038;d=mm&#038;r=g 2x' class='img-fluid comment-img avatar-200 photo' height='200' width='200' decoding='async'\/>","author_avatar_url":"https:\/\/secure.gravatar.com\/avatar\/ad23eb6da50b7963c192c0d0d2101af8c163fbe4aa3c294a2b841aadb9be21a9?s=96&d=mm&r=g","comment_count":0,"post_likes":0,"post_views":0},"tpgb_post_category":[],"_links":{"self":[{"href":"https:\/\/chirurgiens-afrique.org\/index.php?rest_route=\/wp\/v2\/pages\/87","targetHints":{"allow":["GET"]}}],"collection":[{"href":"https:\/\/chirurgiens-afrique.org\/index.php?rest_route=\/wp\/v2\/pages"}],"about":[{"href":"https:\/\/chirurgiens-afrique.org\/index.php?rest_route=\/wp\/v2\/types\/page"}],"author":[{"embeddable":true,"href":"https:\/\/chirurgiens-afrique.org\/index.php?rest_route=\/wp\/v2\/users\/2"}],"replies":[{"embeddable":true,"href":"https:\/\/chirurgiens-afrique.org\/index.php?rest_route=%2Fwp%2Fv2%2Fcomments&post=87"}],"version-history":[{"count":4,"href":"https:\/\/chirurgiens-afrique.org\/index.php?rest_route=\/wp\/v2\/pages\/87\/revisions"}],"predecessor-version":[{"id":108,"href":"https:\/\/chirurgiens-afrique.org\/index.php?rest_route=\/wp\/v2\/pages\/87\/revisions\/108"}],"wp:attachment":[{"href":"https:\/\/chirurgiens-afrique.org\/index.php?rest_route=%2Fwp%2Fv2%2Fmedia&parent=87"}],"curies":[{"name":"wp","href":"https:\/\/api.w.org\/{rel}","templated":true}]}}