{"id":71,"date":"2025-05-29T16:08:47","date_gmt":"2025-05-29T16:08:47","guid":{"rendered":"https:\/\/chirurgiens-afrique.org\/?page_id=71"},"modified":"2025-05-31T16:58:16","modified_gmt":"2025-05-31T16:58:16","slug":"organisation","status":"publish","type":"page","link":"https:\/\/chirurgiens-afrique.org\/?page_id=71","title":{"rendered":"Organisation"},"content":{"rendered":"<h4><u>L&rsquo;organisation de l&rsquo;ACAF<\/u><\/h4>\n<p>L\u2019Association de Chirurgie d\u2019Afrique Francophone (ACAF) est administr\u00e9e par un Conseil d\u2019Administration compos\u00e9 de :<\/p>\n<ul>\n<li>deux mandataires par Soci\u00e9t\u00e9 nationale ou r\u00e9gionale de chirurgie (dont le Pr\u00e9sident) ;<\/li>\n<li>Pr\u00e9sidents des soci\u00e9t\u00e9s africaines francophones de sp\u00e9cialit\u00e9 chirurgicales;<\/li>\n<li>deux membres titulaires par pays n\u2019ayant pas de Soci\u00e9t\u00e9 nationale de chirurgie ;<\/li>\n<li>Pr\u00e9sident sortant de l\u2019Association de Chirurgie d\u2019Afrique Francophone (ACAF)<\/li>\n<li>Tr\u00e9sorier sortant de l\u2019Association de Chirurgie d\u2019Afrique Francophone (ACAF).<\/li>\n<\/ul>\n<p>Le Conseil d\u2019Administration se r\u00e9unit au moins une fois par an et chaque fois qu\u2019il est convoqu\u00e9 par son Pr\u00e9sident ou sur la demande \u00e9crite du quart de ses membres. \u00a0La pr\u00e9sence du tiers au moins des membres du Conseil d\u2019Administration est n\u00e9cessaire pour la validit\u00e9 de ses d\u00e9lib\u00e9rations. Il est tenu proc\u00e8s-verbal des s\u00e9ances sur un registre \u00e0 feuillets num\u00e9rot\u00e9s. Ces proc\u00e8s-verbaux sont sign\u00e9s par le Pr\u00e9sident et le Secr\u00e9taire G\u00e9n\u00e9ral. Les membres du Conseil d\u2019Administration ne per\u00e7oivent aucune r\u00e9tribution en raison des fonctions qui leur sont confi\u00e9es. Ils ne peuvent pr\u00e9tendre, sur production de justifications, qu\u2019\u00e0 des remboursements de frais sur d\u00e9cision du Conseil d\u2019Administration. Le mandat du Conseil d\u2019administration est de deux ans renouvelables une fois<\/p>\n<p><strong><u>Les actions du CA<\/u><\/strong><\/p>\n<p><em>L\u2019ACAF a tenu r\u00e9guli\u00e8rement ses congr\u00e8s depuis 2006 le plus souvent en collaboration avec des soci\u00e9t\u00e9s savantes nationales de chirurgie<\/em><\/p>\n<div id=\"attachment_48\" style=\"width: 310px\" class=\"wp-caption aligncenter\"><img fetchpriority=\"high\" decoding=\"async\" aria-describedby=\"caption-attachment-48\" class=\"wp-image-48 size-medium\" src=\"https:\/\/chirurgiens-afrique.org\/wp-content\/uploads\/2025\/05\/PHOTO-2025-05-21-13-38-14-1-300x228.jpg\" alt=\"\" width=\"300\" height=\"228\" \/><p id=\"caption-attachment-48\" class=\"wp-caption-text\">\u00a0 \u00a0 \u00a0 \u00a0 \u00a0 Le Conseil d&rsquo;administration de l&rsquo;ACAF<\/p><\/div>\n","protected":false},"excerpt":{"rendered":"<p>L&rsquo;organisation de l&rsquo;ACAF L\u2019Association de Chirurgie d\u2019Afrique Francophone (ACAF) est administr\u00e9e par un Conseil d\u2019Administration compos\u00e9 de : deux mandataires par Soci\u00e9t\u00e9 nationale ou r\u00e9gionale de chirurgie (dont le Pr\u00e9sident) ; Pr\u00e9sidents des soci\u00e9t\u00e9s africaines francophones de sp\u00e9cialit\u00e9 chirurgicales; deux membres titulaires par pays n\u2019ayant pas de Soci\u00e9t\u00e9 nationale de chirurgie ; Pr\u00e9sident sortant de [&hellip;]<\/p>\n","protected":false},"author":2,"featured_media":0,"parent":0,"menu_order":0,"comment_status":"closed","ping_status":"closed","template":"","meta":{"give_campaign_id":0,"tpgb_global_settings":"","footnotes":""},"class_list":["post-71","page","type-page","status-publish","hentry"],"campaignId":"","tpgb_featured_images":null,"tpgb_post_meta_info":{"get_date":"29 mai 2025","get_modified_date":"31 mai 2025","author_name":"Jeremie OUEDRAOGO","author_url":"https:\/\/chirurgiens-afrique.org\/?author=2","author_email":"ouedjerem@gmail.com","author_website":"","author_description":"","author_facebook":"","author_twitter":"","author_instagram":"","author_role":["administrator"],"author_firstname":"Jeremie","author_lastname":"OUEDRAOGO","user_login":"jeremie","author_avatar":"<img alt='' src='https:\/\/secure.gravatar.com\/avatar\/ad23eb6da50b7963c192c0d0d2101af8c163fbe4aa3c294a2b841aadb9be21a9?s=200&#038;d=mm&#038;r=g' srcset='https:\/\/secure.gravatar.com\/avatar\/ad23eb6da50b7963c192c0d0d2101af8c163fbe4aa3c294a2b841aadb9be21a9?s=400&#038;d=mm&#038;r=g 2x' class='img-fluid comment-img avatar-200 photo' height='200' width='200' decoding='async'\/>","author_avatar_url":"https:\/\/secure.gravatar.com\/avatar\/ad23eb6da50b7963c192c0d0d2101af8c163fbe4aa3c294a2b841aadb9be21a9?s=96&d=mm&r=g","comment_count":0,"post_likes":0,"post_views":0},"tpgb_post_category":[],"_links":{"self":[{"href":"https:\/\/chirurgiens-afrique.org\/index.php?rest_route=\/wp\/v2\/pages\/71","targetHints":{"allow":["GET"]}}],"collection":[{"href":"https:\/\/chirurgiens-afrique.org\/index.php?rest_route=\/wp\/v2\/pages"}],"about":[{"href":"https:\/\/chirurgiens-afrique.org\/index.php?rest_route=\/wp\/v2\/types\/page"}],"author":[{"embeddable":true,"href":"https:\/\/chirurgiens-afrique.org\/index.php?rest_route=\/wp\/v2\/users\/2"}],"replies":[{"embeddable":true,"href":"https:\/\/chirurgiens-afrique.org\/index.php?rest_route=%2Fwp%2Fv2%2Fcomments&post=71"}],"version-history":[{"count":6,"href":"https:\/\/chirurgiens-afrique.org\/index.php?rest_route=\/wp\/v2\/pages\/71\/revisions"}],"predecessor-version":[{"id":78,"href":"https:\/\/chirurgiens-afrique.org\/index.php?rest_route=\/wp\/v2\/pages\/71\/revisions\/78"}],"wp:attachment":[{"href":"https:\/\/chirurgiens-afrique.org\/index.php?rest_route=%2Fwp%2Fv2%2Fmedia&parent=71"}],"curies":[{"name":"wp","href":"https:\/\/api.w.org\/{rel}","templated":true}]}}