{"id":68,"date":"2025-05-29T15:58:37","date_gmt":"2025-05-29T15:58:37","guid":{"rendered":"https:\/\/chirurgiens-afrique.org\/?page_id=68"},"modified":"2025-07-04T13:30:27","modified_gmt":"2025-07-04T13:30:27","slug":"membre","status":"publish","type":"page","link":"https:\/\/chirurgiens-afrique.org\/?page_id=68","title":{"rendered":"Membre"},"content":{"rendered":"<p><strong>Comment int\u00e9grer l&rsquo;ACAF<\/strong>?<\/p>\n<ul>\n<li><strong><u>Devenir membre<\/u><\/strong><em>: les conditions pour adh\u00e9rer, les r\u00e8gles \u00e0 suivre en tant que membre, les avantages et les obligations\u2026<\/em><\/li>\n<\/ul>\n<p>L\u2019Association de Chirurgie d\u2019Afrique Francophone (ACAF) est compos\u00e9e de :<\/p>\n<ul>\n<li>membres titulaires ;<\/li>\n<li>membres associ\u00e9s ;<\/li>\n<li>membres associ\u00e9s temporaires ;<\/li>\n<li>membres honoraires ;<\/li>\n<li>membres d\u2019honneur.<\/li>\n<\/ul>\n<p>Ces titres sont conf\u00e9r\u00e9s suite \u00e0 une \u00e9lection en Assembl\u00e9e g\u00e9n\u00e9rale.<\/p>\n<p>Il faut, pour \u00eatre \u00e9lu\u00a0:<\/p>\n<ul>\n<li><strong>membre titulaire : <\/strong><\/li>\n<li>\u00eatre docteur en m\u00e9decine ;<\/li>\n<li>\u00eatre dipl\u00f4m\u00e9 en chirurgie ou sp\u00e9cialit\u00e9 chirurgicale et exercer une activit\u00e9 de chirurgie;<\/li>\n<li>faire acte de candidature par \u00e9crit aupr\u00e8s du Pr\u00e9sident de l\u2019ACAF\u00a0;<\/li>\n<li>s\u2019acquitter un droit d\u2019adh\u00e9sion<\/li>\n<li>s\u2019engager \u00e0 payer la cotisation annuelle.<\/li>\n<li><strong>membre associ\u00e9 : <\/strong><\/li>\n<li>\u00eatre docteur en m\u00e9decine ;<\/li>\n<li>exercer une quelconque activit\u00e9 m\u00e9dicale concourant au diagnostic ou au traitement en chirurgie ;<\/li>\n<li>faire acte de candidature par \u00e9crit aupr\u00e8s du Pr\u00e9sident de l\u2019ACAF\u00a0;<\/li>\n<li>acquitter un droit d\u2019adh\u00e9sion et s\u2019engager \u00e0 payer la cotisation annuelle.<\/li>\n<li><strong>membre associ\u00e9 temporaire<\/strong> :<\/li>\n<li>\u00eatre interne en service de Chirurgie des h\u00f4pitaux des centres hospitalo-universitaires, ou m\u00e9decin en cours de sp\u00e9cialisation en chirurgie ;<\/li>\n<li>faire acte de candidature par \u00e9crit aupr\u00e8s du Pr\u00e9sident de l\u2019ACAF\u00a0;<\/li>\n<li>acquitter un droit d\u2019adh\u00e9sion et s\u2019engager \u00e0 payer la cotisation annuelle.<\/li>\n<li><strong>membre honoraire<\/strong> :<\/li>\n<li>\u00eatre \u00e2g\u00e9 de plus de 65 ans ;<\/li>\n<li>avoir \u00e9t\u00e9 membre titulaire ou associ\u00e9 ;<\/li>\n<li>\u00eatre propos\u00e9 par une Soci\u00e9t\u00e9 ou une Association de chirurgie de son pays ou par deux membres titulaires de l\u2019ACAF.<\/li>\n<\/ul>\n<p>&nbsp;<\/p>\n<ul>\n<li><strong><u>Pays membres<\/u><\/strong><em>: s<\/em>ont membres de l\u2019ACAF tous les pays africains o\u00f9 s\u2019exerce une activit\u00e9 chirurgicale r\u00e9glementaire et ayant en commun la langue fran\u00e7aise comme langue officielle.<\/li>\n<\/ul>\n<form aligne=\"center\"><a id=\"demande1\" style=\"display: none;\" href=\"https:\/\/chirurgiens-afrique.org\/?page_id=187\"><\/a><br \/>\n<button type=\"button\" onclick=\"document.getElementById('demande1').click()\">Devenir Membre<\/button><\/form>\n","protected":false},"excerpt":{"rendered":"<p>Comment int\u00e9grer l&rsquo;ACAF? Devenir membre: les conditions pour adh\u00e9rer, les r\u00e8gles \u00e0 suivre en tant que membre, les avantages et les obligations\u2026 L\u2019Association de Chirurgie d\u2019Afrique Francophone (ACAF) est compos\u00e9e de : membres titulaires ; membres associ\u00e9s ; membres associ\u00e9s temporaires ; membres honoraires ; membres d\u2019honneur. Ces titres sont conf\u00e9r\u00e9s suite \u00e0 une \u00e9lection [&hellip;]<\/p>\n","protected":false},"author":2,"featured_media":0,"parent":0,"menu_order":0,"comment_status":"closed","ping_status":"closed","template":"","meta":{"give_campaign_id":0,"tpgb_global_settings":"","footnotes":""},"class_list":["post-68","page","type-page","status-publish","hentry"],"campaignId":"","tpgb_featured_images":null,"tpgb_post_meta_info":{"get_date":"29 mai 2025","get_modified_date":"4 juillet 2025","author_name":"Jeremie OUEDRAOGO","author_url":"https:\/\/chirurgiens-afrique.org\/?author=2","author_email":"ouedjerem@gmail.com","author_website":"","author_description":"","author_facebook":"","author_twitter":"","author_instagram":"","author_role":["administrator"],"author_firstname":"Jeremie","author_lastname":"OUEDRAOGO","user_login":"jeremie","author_avatar":"<img alt='' src='https:\/\/secure.gravatar.com\/avatar\/ad23eb6da50b7963c192c0d0d2101af8c163fbe4aa3c294a2b841aadb9be21a9?s=200&#038;d=mm&#038;r=g' srcset='https:\/\/secure.gravatar.com\/avatar\/ad23eb6da50b7963c192c0d0d2101af8c163fbe4aa3c294a2b841aadb9be21a9?s=400&#038;d=mm&#038;r=g 2x' class='img-fluid comment-img avatar-200 photo' height='200' width='200' decoding='async'\/>","author_avatar_url":"https:\/\/secure.gravatar.com\/avatar\/ad23eb6da50b7963c192c0d0d2101af8c163fbe4aa3c294a2b841aadb9be21a9?s=96&d=mm&r=g","comment_count":0,"post_likes":0,"post_views":0},"tpgb_post_category":[],"_links":{"self":[{"href":"https:\/\/chirurgiens-afrique.org\/index.php?rest_route=\/wp\/v2\/pages\/68","targetHints":{"allow":["GET"]}}],"collection":[{"href":"https:\/\/chirurgiens-afrique.org\/index.php?rest_route=\/wp\/v2\/pages"}],"about":[{"href":"https:\/\/chirurgiens-afrique.org\/index.php?rest_route=\/wp\/v2\/types\/page"}],"author":[{"embeddable":true,"href":"https:\/\/chirurgiens-afrique.org\/index.php?rest_route=\/wp\/v2\/users\/2"}],"replies":[{"embeddable":true,"href":"https:\/\/chirurgiens-afrique.org\/index.php?rest_route=%2Fwp%2Fv2%2Fcomments&post=68"}],"version-history":[{"count":12,"href":"https:\/\/chirurgiens-afrique.org\/index.php?rest_route=\/wp\/v2\/pages\/68\/revisions"}],"predecessor-version":[{"id":198,"href":"https:\/\/chirurgiens-afrique.org\/index.php?rest_route=\/wp\/v2\/pages\/68\/revisions\/198"}],"wp:attachment":[{"href":"https:\/\/chirurgiens-afrique.org\/index.php?rest_route=%2Fwp%2Fv2%2Fmedia&parent=68"}],"curies":[{"name":"wp","href":"https:\/\/api.w.org\/{rel}","templated":true}]}}