{"id":60,"date":"2025-05-29T15:41:01","date_gmt":"2025-05-29T15:41:01","guid":{"rendered":"https:\/\/chirurgiens-afrique.org\/?page_id=60"},"modified":"2025-05-29T15:41:01","modified_gmt":"2025-05-29T15:41:01","slug":"historique","status":"publish","type":"page","link":"https:\/\/chirurgiens-afrique.org\/?page_id=60","title":{"rendered":"Historique"},"content":{"rendered":"<p>Le <strong>26 f\u00e9vrier 2003<\/strong>, \u00e0 l\u2019occasion la r\u00e9union de l\u2019Acad\u00e9mie Fran\u00e7aise de Chirurgie et des Chirurgiens Africains Francophone \u00e0 <strong>Dakar, les chirurgiens du B\u00e9nin, du Burkina Faso, du Congo, de C\u00f4te d\u2019Ivoire, du Gabon, du Mali, de Mauritanie, du Niger, du S\u00e9n\u00e9gal et du Togo<\/strong> r\u00e9unis, ont exprim\u00e9 le besoin d\u2019une collaboration plus formalis\u00e9e pour une promotion durable de la sp\u00e9cialit\u00e9 chirurgicale dans l\u2019espace africain francophone.<\/p>\n<p>Cette volont\u00e9 s\u2019est concr\u00e9tis\u00e9e le <strong>4 D\u00e9cembre 2004<\/strong> par la cr\u00e9ation de<strong> l\u2019Association de Chirurgie d\u2019Afrique Francophone (ACAF)<\/strong> lors des premi\u00e8res Journ\u00e9es M\u00e9dicochirurgicales et Pharmaceutiques de l\u2019h\u00f4pital du Point G de Bamako au Mali.<\/p>\n","protected":false},"excerpt":{"rendered":"<p>Le 26 f\u00e9vrier 2003, \u00e0 l\u2019occasion la r\u00e9union de l\u2019Acad\u00e9mie Fran\u00e7aise de Chirurgie et des Chirurgiens Africains Francophone \u00e0 Dakar, les chirurgiens du B\u00e9nin, du Burkina Faso, du Congo, de C\u00f4te d\u2019Ivoire, du Gabon, du Mali, de Mauritanie, du Niger, du S\u00e9n\u00e9gal et du Togo r\u00e9unis, ont exprim\u00e9 le besoin d\u2019une collaboration plus formalis\u00e9e pour [&hellip;]<\/p>\n","protected":false},"author":2,"featured_media":0,"parent":0,"menu_order":0,"comment_status":"closed","ping_status":"closed","template":"","meta":{"give_campaign_id":0,"tpgb_global_settings":"","footnotes":""},"class_list":["post-60","page","type-page","status-publish","hentry"],"campaignId":"","tpgb_featured_images":null,"tpgb_post_meta_info":{"get_date":"29 mai 2025","get_modified_date":"29 mai 2025","author_name":"Jeremie OUEDRAOGO","author_url":"https:\/\/chirurgiens-afrique.org\/?author=2","author_email":"ouedjerem@gmail.com","author_website":"","author_description":"","author_facebook":"","author_twitter":"","author_instagram":"","author_role":["administrator"],"author_firstname":"Jeremie","author_lastname":"OUEDRAOGO","user_login":"jeremie","author_avatar":"<img alt='' src='https:\/\/secure.gravatar.com\/avatar\/ad23eb6da50b7963c192c0d0d2101af8c163fbe4aa3c294a2b841aadb9be21a9?s=200&#038;d=mm&#038;r=g' srcset='https:\/\/secure.gravatar.com\/avatar\/ad23eb6da50b7963c192c0d0d2101af8c163fbe4aa3c294a2b841aadb9be21a9?s=400&#038;d=mm&#038;r=g 2x' class='img-fluid comment-img avatar-200 photo' height='200' width='200' decoding='async'\/>","author_avatar_url":"https:\/\/secure.gravatar.com\/avatar\/ad23eb6da50b7963c192c0d0d2101af8c163fbe4aa3c294a2b841aadb9be21a9?s=96&d=mm&r=g","comment_count":0,"post_likes":0,"post_views":0},"tpgb_post_category":[],"_links":{"self":[{"href":"https:\/\/chirurgiens-afrique.org\/index.php?rest_route=\/wp\/v2\/pages\/60","targetHints":{"allow":["GET"]}}],"collection":[{"href":"https:\/\/chirurgiens-afrique.org\/index.php?rest_route=\/wp\/v2\/pages"}],"about":[{"href":"https:\/\/chirurgiens-afrique.org\/index.php?rest_route=\/wp\/v2\/types\/page"}],"author":[{"embeddable":true,"href":"https:\/\/chirurgiens-afrique.org\/index.php?rest_route=\/wp\/v2\/users\/2"}],"replies":[{"embeddable":true,"href":"https:\/\/chirurgiens-afrique.org\/index.php?rest_route=%2Fwp%2Fv2%2Fcomments&post=60"}],"version-history":[{"count":1,"href":"https:\/\/chirurgiens-afrique.org\/index.php?rest_route=\/wp\/v2\/pages\/60\/revisions"}],"predecessor-version":[{"id":61,"href":"https:\/\/chirurgiens-afrique.org\/index.php?rest_route=\/wp\/v2\/pages\/60\/revisions\/61"}],"wp:attachment":[{"href":"https:\/\/chirurgiens-afrique.org\/index.php?rest_route=%2Fwp%2Fv2%2Fmedia&parent=60"}],"curies":[{"name":"wp","href":"https:\/\/api.w.org\/{rel}","templated":true}]}}